{"id":119,"date":"2018-01-06T15:00:20","date_gmt":"2018-01-06T14:00:20","guid":{"rendered":"http:\/\/ahmad.localhost\/?page_id=119"},"modified":"2020-10-05T12:09:28","modified_gmt":"2020-10-05T10:09:28","slug":"impressum","status":"publish","type":"page","link":"https:\/\/www.ahmad-mansour.de\/en\/impressum\/","title":{"rendered":"Imprint"},"content":{"rendered":"<p>[vc_row css_animation=&#8221;&#8221; row_type=&#8221;row&#8221; use_row_as_full_screen_section=&#8221;no&#8221; type=&#8221;full_width&#8221; angled_section=&#8221;no&#8221; text_align=&#8221;left&#8221; background_image_as_pattern=&#8221;without_pattern&#8221;][vc_column css_animation=&#8221;fadeInDown&#8221; css=&#8221;.vc_custom_1515258209952{margin-bottom: 60px !important;}&#8221;][vc_column_text]<\/p>\n<h1 style=\"text-align: center;\">Imprint<\/h1>\n<p>[\/vc_column_text][\/vc_column][\/vc_row][vc_row css_animation=&#8221;&#8221; row_type=&#8221;row&#8221; use_row_as_full_screen_section=&#8221;no&#8221; type=&#8221;full_width&#8221; angled_section=&#8221;no&#8221; text_align=&#8221;left&#8221; background_image_as_pattern=&#8221;without_pattern&#8221;][vc_column width=&#8221;1\/4&#8243;][\/vc_column][vc_column width=&#8221;1\/2&#8243; css=&#8221;.vc_custom_1515257939573{margin-bottom: 50px !important;}&#8221;][vc_column_text]<\/p>\n<h3>Ahmad Mansour<\/h3>\n<p>Graduate Psychologist<br \/>\nBerliner Strasse 45<br \/>\n14169 Berlin<\/p>\n<p>&nbsp;<\/p>\n<p>Phone: +49 [0] 176 60 898 087<br \/>\nEmail: info@ahmad-mansour.com<br \/>\nInternet: ahmad-mansour.com, ahmad-mansour.de[\/vc_column_text][\/vc_column][vc_column width=&#8221;1\/4&#8243;][\/vc_column][\/vc_row][vc_row css_animation=&#8221;&#8221; row_type=&#8221;row&#8221; use_row_as_full_screen_section=&#8221;no&#8221; type=&#8221;full_width&#8221; angled_section=&#8221;no&#8221; text_align=&#8221;left&#8221; background_image_as_pattern=&#8221;without_pattern&#8221;][vc_column width=&#8221;1\/4&#8243;][\/vc_column][vc_column width=&#8221;1\/2&#8243;]<div class=\"qode-accordion-holder clearfix qode-toggle qode-initial \">\n\t<h4 class=\"clearfix qode-title-holder\">\n<span class=\"qode-tab-title\">\n\t    <span class=\"qode-tab-title-inner\">\n        Haftungshinweis    <\/span>\n<\/span>\n<span class=\"qode-accordion-mark\">\n    <span class=\"qode-accordion-mark-icon\">\n        <span class=\"icon_plus\"><\/span>\n        <span class=\"icon_minus-06\"><\/span>\n    <\/span>\n<\/span>\n<\/h4>\n<div  class=\"qode-accordion-content \" >\n    <div class=\"qode-accordion-content-inner\">\n        [vc_column_text]Trotz sorgf\u00e4ltiger inhaltlicher Kontrolle \u00fcbernehmen wir keine Haftung f\u00fcr die Inhalte externer Links. F\u00fcr den Inhalt der verlinkten Seiten sind ausschlie\u00dflich deren Betreiber verantwortlich.[\/vc_column_text]    <\/div>\n<\/div><h4 class=\"clearfix qode-title-holder\">\n<span class=\"qode-tab-title\">\n\t    <span class=\"qode-tab-title-inner\">\n        Google Analytics    <\/span>\n<\/span>\n<span class=\"qode-accordion-mark\">\n    <span class=\"qode-accordion-mark-icon\">\n        <span class=\"icon_plus\"><\/span>\n        <span class=\"icon_minus-06\"><\/span>\n    <\/span>\n<\/span>\n<\/h4>\n<div  class=\"qode-accordion-content \" >\n    <div class=\"qode-accordion-content-inner\">\n        [vc_column_text]This website uses Google Analytics, a web analytics service provided by Google, Inc. (\u201cGoogle\u201d). Google Analytics uses \u201ccookies\u201d, which are text files placed on your computer, to help the website analyze how users use the site. The information generated by the cookie about your use of the website (including your IP address) will be transmitted to and stored by Google on servers in the United States. In case of activation of the IP anonymization, Google will truncate\/anonymize the last octet of the IP address for Member States of the European Union as well as for other parties to the Agreement on the European Economic Area. Only in exceptional cases, the full IP address is sent to and shortened by Google servers in the USA. On behalf of the website provider Google will use this information for the purpose of evaluating your use of the website, compiling reports on website activity for website operators and providing other services relating to website activity and internet usage to the website provider. Google will not associate your IP address with any other data held by Google. You may refuse the use of cookies by selecting the appropriate settings on your browser. However, please note that if you do this, you may not be able to use the full functionality of this website. Furthermore you can prevent Google\u2019s collection and use of data (cookies and IP address) by downloading and installing the browser plug-in available under:<br \/>\n<a href=\"https:\/\/tools.google.com\/dlpage\/gaoptout?hl=en-GB\" target=\"_blank\" rel=\"noopener noreferrer\">https:\/\/tools.google.com\/dlpage\/gaoptout?hl=en-GB<\/a>.<\/p>\n<p>&nbsp;<\/p>\n<p>You can refuse the use of Google Analytics by clicking on the following link. An opt-out cookie will be set on the computer, which prevents the future collection of your data when visiting this website:<br \/>\n<a id=\"disableGA\" href=\"#\">Disable Google Analytics<\/a><\/p>\n<p>&nbsp;<\/p>\n<p>Further information concerning the terms and conditions of use and data privacy can be found at <a href=\"http:\/\/www.google.com\/analytics\/terms\/gb.html\" target=\"_blank\" rel=\"noopener noreferrer\">http:\/\/www.google.com\/analytics\/terms\/gb.html<\/a> or at <a href=\"https:\/\/www.google.de\/intl\/en_uk\/policies\/\" target=\"_blank\" rel=\"noopener noreferrer\">https:\/\/www.google.de\/intl\/en_uk\/policies\/<\/a>.<br \/>\nPlease note that on this website, Google Analytics code is supplemented by \u201canonymizeIp\u201d to ensure an anonymized collection of IP addresses (so called IP-masking).<\/p>\n<p>&nbsp;<\/p>\n<p><strong>www.datenschutzbeauftragter-info.de<\/strong>[\/vc_column_text][vc_raw_js]JTNDc2NyaXB0JTIwdHlwZSUzRCUyMnRleHQlMkZqYXZhc2NyaXB0JTIyJTNFJTBBJTBBdmFyJTIwZWwlMjAlM0QlMjBkb2N1bWVudC5nZXRFbGVtZW50QnlJZCUyOCUyN2Rpc2FibGVHQSUyNyUyOSUzQiUwQWVsLm9uY2xpY2slMjAlM0QlMjBkaXNhYmxlQW5hbHl0aWNzJTNCJTBBJTBBJTBBZnVuY3Rpb24lMjBkaXNhYmxlQW5hbHl0aWNzJTI4JTI5JTIwJTdCJTBBJTIwJTIwZ2FPcHRvdXQlMjglMjklM0IlMEElMjAlMjBhbGVydCUyOCUyN0klMjBhbSUyMGZvbyUyMSUyNyUyOSUzQiUwQSUyMCUyMHJldHVybiUyMGZhbHNlJTNCJTBBJTdEJTBBJTBBJTNDJTJGc2NyaXB0JTNF[\/vc_raw_js]    <\/div>\n<\/div><h4 class=\"clearfix qode-title-holder\">\n<span class=\"qode-tab-title\">\n\t    <span class=\"qode-tab-title-inner\">\n        Urheberrecht    <\/span>\n<\/span>\n<span class=\"qode-accordion-mark\">\n    <span class=\"qode-accordion-mark-icon\">\n        <span class=\"icon_plus\"><\/span>\n        <span class=\"icon_minus-06\"><\/span>\n    <\/span>\n<\/span>\n<\/h4>\n<div  class=\"qode-accordion-content \" >\n    <div class=\"qode-accordion-content-inner\">\n        [vc_column_text]S\u00e4mtliche Bilder, Grafiken und Inhalte unterliegen dem Urheberrecht.[\/vc_column_text]    <\/div>\n<\/div><\/div>[\/vc_column][vc_column width=&#8221;1\/4&#8243;][\/vc_column][\/vc_row][vc_row css_animation=&#8221;&#8221; row_type=&#8221;row&#8221; use_row_as_full_screen_section=&#8221;no&#8221; type=&#8221;full_width&#8221; angled_section=&#8221;no&#8221; text_align=&#8221;left&#8221; background_image_as_pattern=&#8221;without_pattern&#8221;][vc_column][vc_empty_space height=&#8221;60px&#8221;][\/vc_column][\/vc_row]<\/p>","protected":false},"excerpt":{"rendered":"<p>[vc_row css_animation=&#8221;&#8221; row_type=&#8221;row&#8221; use_row_as_full_screen_section=&#8221;no&#8221; type=&#8221;full_width&#8221; angled_section=&#8221;no&#8221; text_align=&#8221;left&#8221; background_image_as_pattern=&#8221;without_pattern&#8221;][vc_column css_animation=&#8221;fadeInDown&#8221; css=&#8221;.vc_custom_1515258209952{margin-bottom: 60px !important;}&#8221;][vc_column_text] Imprint [\/vc_column_text][\/vc_column][\/vc_row][vc_row css_animation=&#8221;&#8221; row_type=&#8221;row&#8221; use_row_as_full_screen_section=&#8221;no&#8221; type=&#8221;full_width&#8221; angled_section=&#8221;no&#8221; text_align=&#8221;left&#8221; background_image_as_pattern=&#8221;without_pattern&#8221;][vc_column width=&#8221;1\/4&#8243;][\/vc_column][vc_column width=&#8221;1\/2&#8243; css=&#8221;.vc_custom_1515257939573{margin-bottom: 50px !important;}&#8221;][vc_column_text] Ahmad Mansour Graduate Psychologist Berliner Strasse 45 14169 Berlin &nbsp; Phone: +49 [0] 176 60 898 087 Email: info@ahmad-mansour.com&#8230;<\/p>\n","protected":false},"author":1,"featured_media":0,"parent":0,"menu_order":0,"comment_status":"closed","ping_status":"closed","template":"","meta":[],"_links":{"self":[{"href":"https:\/\/www.ahmad-mansour.de\/en\/wp-json\/wp\/v2\/pages\/119"}],"collection":[{"href":"https:\/\/www.ahmad-mansour.de\/en\/wp-json\/wp\/v2\/pages"}],"about":[{"href":"https:\/\/www.ahmad-mansour.de\/en\/wp-json\/wp\/v2\/types\/page"}],"author":[{"embeddable":true,"href":"https:\/\/www.ahmad-mansour.de\/en\/wp-json\/wp\/v2\/users\/1"}],"replies":[{"embeddable":true,"href":"https:\/\/www.ahmad-mansour.de\/en\/wp-json\/wp\/v2\/comments?post=119"}],"version-history":[{"count":0,"href":"https:\/\/www.ahmad-mansour.de\/en\/wp-json\/wp\/v2\/pages\/119\/revisions"}],"wp:attachment":[{"href":"https:\/\/www.ahmad-mansour.de\/en\/wp-json\/wp\/v2\/media?parent=119"}],"curies":[{"name":"wp","href":"https:\/\/api.w.org\/{rel}","templated":true}]}}