{"id":156,"date":"2020-05-27T18:58:01","date_gmt":"2020-05-27T16:58:01","guid":{"rendered":"https:\/\/ahmad-mansour.de\/?page_id=156"},"modified":"2020-09-29T16:58:03","modified_gmt":"2020-09-29T14:58:03","slug":"vortraege","status":"publish","type":"page","link":"https:\/\/www.ahmad-mansour.de\/en\/vortraege\/","title":{"rendered":"Lectures"},"content":{"rendered":"<p>[vc_row row_type=&#8221;parallax&#8221; parallax_content_width=&#8221;full_width&#8221; text_align=&#8221;left&#8221; full_screen_section_height=&#8221;no&#8221; background_image=&#8221;152&#8243; css=&#8221;.vc_custom_1590599513913{margin-top: 0px !important;margin-bottom: 0px !important;border-bottom-width: 0px !important;padding-top: 0px !important;}&#8221; section_height=&#8221;600&#8243;][vc_column][\/vc_column][\/vc_row][vc_row css_animation=&#8221;&#8221; row_type=&#8221;row&#8221; use_row_as_full_screen_section=&#8221;no&#8221; type=&#8221;full_width&#8221; angled_section=&#8221;no&#8221; text_align=&#8221;left&#8221; background_image_as_pattern=&#8221;without_pattern&#8221; css=&#8221;.vc_custom_1590678177310{padding-top: 50px !important;padding-right: 20px !important;padding-left: 20px !important;}&#8221; z_index=&#8221;&#8221;][vc_column][vc_column_text]<\/p>\n<h1 style=\"text-align: center;\">Lectures<\/h1>\n<h3 style=\"text-align: center;\">Ahmad Mansour gives lectures on these topics (selection):<\/h3>\n<p>[\/vc_column_text][\/vc_column][\/vc_row][vc_row css_animation=&#8221;&#8221; row_type=&#8221;row&#8221; use_row_as_full_screen_section=&#8221;no&#8221; type=&#8221;full_width&#8221; angled_section=&#8221;no&#8221; text_align=&#8221;left&#8221; background_image_as_pattern=&#8221;without_pattern&#8221; css=&#8221;.vc_custom_1590678185775{padding-top: 50px !important;padding-right: 40px !important;padding-left: 40px !important;}&#8221; z_index=&#8221;&#8221;][vc_column width=&#8221;1\/4&#8243;][\/vc_column][vc_column width=&#8221;7\/12&#8243;]<div class='q_list circle bold'><\/p>\n<ul>\n<li>S<span class=\"st\">traight talk about<\/span> integration &#8211; against scaremongering and false tolerance<\/li>\n<li>Why are radical ideologies so attractive to young people &#8211; and what can civil society do about it?<\/li>\n<li>Radicalization and Islam &#8211; how do they go together?<\/li>\n<li>Concepts for security and early detection of terrorist tendencies<\/li>\n<li>Is there a European Islam? And if so, what should it look like?<\/li>\n<li>Reforms for a responsible Islam: illusion or feasible?<\/li>\n<li>Patriarchal structures and authoritarian upbringing methods in families with a migration background &#8211; how can they be broken up?<\/li>\n<li>Violence in the name of honor?<\/li>\n<li>Which strategies help against Muslim anti-Semitism?<\/li>\n<li>Education as an effective tool against extremism?<\/li>\n<li>What to do about youth and clan crime?<\/li>\n<li>The Middle East conflict and its &#8220;export&#8221; to Germany<\/li>\n<li>Violence among adolescents: cause and options for action<\/li>\n<li>Why conspiracy myths can&#8217;t be killed<\/li>\n<\/ul>\n<p><\/div>[\/vc_column][vc_column width=&#8221;1\/6&#8243;][\/vc_column][\/vc_row][vc_row css_animation=&#8221;&#8221; row_type=&#8221;row&#8221; use_row_as_full_screen_section=&#8221;no&#8221; type=&#8221;full_width&#8221; angled_section=&#8221;no&#8221; text_align=&#8221;left&#8221; background_image_as_pattern=&#8221;without_pattern&#8221; css=&#8221;.vc_custom_1590678193000{padding-top: 40px !important;padding-right: 40px !important;padding-bottom: 60px !important;padding-left: 40px !important;}&#8221; z_index=&#8221;&#8221;][vc_column width=&#8221;1\/4&#8243;][\/vc_column][vc_column width=&#8221;1\/2&#8243;][vc_separator css_animation=&#8221;fadeIn&#8221; type=&#8221;normal&#8221; down=&#8221;50&#8243;][vc_column_text]<\/p>\n<h2 style=\"text-align: center;\"><strong>Contact for lectures<\/strong><\/h2>\n<p>[\/vc_column_text][\/vc_column][vc_column width=&#8221;1\/4&#8243;][\/vc_column][\/vc_row][vc_row css_animation=&#8221;&#8221; row_type=&#8221;row&#8221; use_row_as_full_screen_section=&#8221;no&#8221; type=&#8221;full_width&#8221; angled_section=&#8221;no&#8221; text_align=&#8221;left&#8221; background_image_as_pattern=&#8221;without_pattern&#8221; css=&#8221;.vc_custom_1590601588848{padding-bottom: 150px !important;padding-left: 50px !important;}&#8221; z_index=&#8221;&#8221;][vc_column width=&#8221;1\/3&#8243;][\/vc_column][vc_column width=&#8221;1\/3&#8243;][vc_column_text]<b class=\"\">MIND prevention<\/b><br \/>\nMansour-Initiative f\u00fcr Demokratief\u00f6rderung und Extremismuspr\u00e4vention GmbH<br \/>\nBerliner Stra\u00dfe 45<br \/>\n14169 Berlin<\/p>\n<p>&nbsp;<\/p>\n<p>Tel.: +49 (0)30 8631 6951<br \/>\nE-Mail: <a href=\"mailto:info@ahmad-mansour.com\">info@ahmad-mansour.com<\/a>[\/vc_column_text][\/vc_column][vc_column width=&#8221;1\/3&#8243;][\/vc_column][\/vc_row]<\/p>","protected":false},"excerpt":{"rendered":"<p>[vc_row row_type=&#8221;parallax&#8221; parallax_content_width=&#8221;full_width&#8221; text_align=&#8221;left&#8221; full_screen_section_height=&#8221;no&#8221; background_image=&#8221;152&#8243; css=&#8221;.vc_custom_1590599513913{margin-top: 0px !important;margin-bottom: 0px !important;border-bottom-width: 0px !important;padding-top: 0px !important;}&#8221; section_height=&#8221;600&#8243;][vc_column][\/vc_column][\/vc_row][vc_row css_animation=&#8221;&#8221; row_type=&#8221;row&#8221; use_row_as_full_screen_section=&#8221;no&#8221; type=&#8221;full_width&#8221; angled_section=&#8221;no&#8221; text_align=&#8221;left&#8221; background_image_as_pattern=&#8221;without_pattern&#8221; css=&#8221;.vc_custom_1590678177310{padding-top: 50px !important;padding-right: 20px !important;padding-left: 20px !important;}&#8221; z_index=&#8221;&#8221;][vc_column][vc_column_text] Lectures Ahmad Mansour gives lectures on these topics (selection): [\/vc_column_text][\/vc_column][\/vc_row][vc_row css_animation=&#8221;&#8221; row_type=&#8221;row&#8221; use_row_as_full_screen_section=&#8221;no&#8221; type=&#8221;full_width&#8221;&#8230;<\/p>\n","protected":false},"author":1,"featured_media":0,"parent":0,"menu_order":0,"comment_status":"closed","ping_status":"closed","template":"full_width.php","meta":[],"_links":{"self":[{"href":"https:\/\/www.ahmad-mansour.de\/en\/wp-json\/wp\/v2\/pages\/156"}],"collection":[{"href":"https:\/\/www.ahmad-mansour.de\/en\/wp-json\/wp\/v2\/pages"}],"about":[{"href":"https:\/\/www.ahmad-mansour.de\/en\/wp-json\/wp\/v2\/types\/page"}],"author":[{"embeddable":true,"href":"https:\/\/www.ahmad-mansour.de\/en\/wp-json\/wp\/v2\/users\/1"}],"replies":[{"embeddable":true,"href":"https:\/\/www.ahmad-mansour.de\/en\/wp-json\/wp\/v2\/comments?post=156"}],"version-history":[{"count":0,"href":"https:\/\/www.ahmad-mansour.de\/en\/wp-json\/wp\/v2\/pages\/156\/revisions"}],"wp:attachment":[{"href":"https:\/\/www.ahmad-mansour.de\/en\/wp-json\/wp\/v2\/media?parent=156"}],"curies":[{"name":"wp","href":"https:\/\/api.w.org\/{rel}","templated":true}]}}