{"id":53,"date":"2018-01-06T10:00:36","date_gmt":"2018-01-06T09:00:36","guid":{"rendered":"http:\/\/ahmad.localhost\/?page_id=53"},"modified":"2022-09-14T15:52:16","modified_gmt":"2022-09-14T13:52:16","slug":"books","status":"publish","type":"page","link":"https:\/\/www.ahmad-mansour.de\/en\/books\/","title":{"rendered":"Books"},"content":{"rendered":"<p>[vc_row css_animation=&#8221;&#8221; row_type=&#8221;row&#8221; use_row_as_full_screen_section=&#8221;no&#8221; type=&#8221;full_width&#8221; angled_section=&#8221;no&#8221; text_align=&#8221;center&#8221; background_image_as_pattern=&#8221;without_pattern&#8221; z_index=&#8221;&#8221;][vc_column css_animation=&#8221;fadeInDown&#8221;][vc_column_text]<\/p>\n<h1>Books<\/h1>\n<p>[\/vc_column_text][\/vc_column][\/vc_row][vc_row css_animation=&#8221;&#8221; row_type=&#8221;row&#8221; use_row_as_full_screen_section=&#8221;no&#8221; type=&#8221;full_width&#8221; angled_section=&#8221;no&#8221; text_align=&#8221;left&#8221; background_image_as_pattern=&#8221;without_pattern&#8221;][vc_column]<div class=\"qode-workflow  qode-workflow-animate\">\n    <span class=\"main-line\" style=\"background-color:#ffffff;\"><\/span>\n    <div class=\"qode-workflow-item\">\n    <span class=\"line\" style=\"\"><\/span>\n    <div class=\"qode-workflow-item-inner reverse\">\n        <div class=\"qode-workflow-image left\">\n            <img width=\"650\" height=\"400\" src=\"https:\/\/www.ahmad-mansour.de\/wp-content\/uploads\/2022\/09\/2022.png\" class=\"attachment-full size-full\" alt=\"\" loading=\"lazy\" srcset=\"https:\/\/www.ahmad-mansour.de\/wp-content\/uploads\/2022\/09\/2022.png 650w, https:\/\/www.ahmad-mansour.de\/wp-content\/uploads\/2022\/09\/2022-300x185.png 300w\" sizes=\"(max-width: 650px) 100vw, 650px\" \/>        <\/div>\n        <div class=\"qode-workflow-text\">\n            <span class=\"circle\" style=\"\"><\/span>\n                            <h3>OPERATION ALLAH<\/h3>\n                                        <h6 class=\"qode-workflow-subtitle\">WIE DER POLITISCHE ISLAM UNSERE DEMOKRATIE UNTERWANDERN WILL<\/h6>\n                                        <p class=\"text\">Von Ahmad Mansour, S. Fischer Verlag, Frankfurt<\/p>\n                    <\/div>\n    <\/div>\n<\/div><div class=\"qode-workflow-item\">\n    <span class=\"line\" style=\"\"><\/span>\n    <div class=\"qode-workflow-item-inner \">\n        <div class=\"qode-workflow-image right\">\n            <img width=\"650\" height=\"400\" src=\"https:\/\/www.ahmad-mansour.de\/wp-content\/uploads\/2018\/01\/2019.png\" class=\"attachment-full size-full\" alt=\"\" loading=\"lazy\" srcset=\"https:\/\/www.ahmad-mansour.de\/wp-content\/uploads\/2018\/01\/2019.png 650w, https:\/\/www.ahmad-mansour.de\/wp-content\/uploads\/2018\/01\/2019-300x185.png 300w\" sizes=\"(max-width: 650px) 100vw, 650px\" \/>        <\/div>\n        <div class=\"qode-workflow-text\">\n            <span class=\"circle\" style=\"\"><\/span>\n                            <h3>DER POLITISCHE ISLAM GEH\u00d6RT NICHT ZU DEUTSCHLAND<\/h3>\n                                        <h6 class=\"qode-workflow-subtitle\">HERAUSGEGEBEN VON CARSTEN LINNEMANN UND WINFRIED BAUSBACK<\/h6>\n                                        <p class=\"text\">Herder Verlag, Freiburg Im Breisgau, 2019<\/p>\n                    <\/div>\n    <\/div>\n<\/div><div class=\"qode-workflow-item\">\n    <span class=\"line\" style=\"\"><\/span>\n    <div class=\"qode-workflow-item-inner reverse\">\n        <div class=\"qode-workflow-image left\">\n            <img width=\"650\" height=\"400\" src=\"https:\/\/www.ahmad-mansour.de\/wp-content\/uploads\/2018\/01\/2018.png\" class=\"attachment-full size-full\" alt=\"\" loading=\"lazy\" srcset=\"https:\/\/www.ahmad-mansour.de\/wp-content\/uploads\/2018\/01\/2018.png 650w, https:\/\/www.ahmad-mansour.de\/wp-content\/uploads\/2018\/01\/2018-300x185.png 300w\" sizes=\"(max-width: 650px) 100vw, 650px\" \/>        <\/div>\n        <div class=\"qode-workflow-text\">\n            <span class=\"circle\" style=\"\"><\/span>\n                            <h3>Klartext zur Integration<\/h3>\n                                        <h6 class=\"qode-workflow-subtitle\">Gegen falsche Toleranz und Panikmache<\/h6>\n                                        <p class=\"text\">Von Ahmad Mansour, S. Fischer Verlag, Frankfurt<\/p>\n                    <\/div>\n    <\/div>\n<\/div><div class=\"qode-workflow-item\">\n    <span class=\"line\" style=\"\"><\/span>\n    <div class=\"qode-workflow-item-inner \">\n        <div class=\"qode-workflow-image right\">\n            <img width=\"650\" height=\"400\" src=\"https:\/\/www.ahmad-mansour.de\/wp-content\/uploads\/2018\/01\/2017.png\" class=\"attachment-full size-full\" alt=\"\" loading=\"lazy\" srcset=\"https:\/\/www.ahmad-mansour.de\/wp-content\/uploads\/2018\/01\/2017.png 650w, https:\/\/www.ahmad-mansour.de\/wp-content\/uploads\/2018\/01\/2017-300x185.png 300w\" sizes=\"(max-width: 650px) 100vw, 650px\" \/>        <\/div>\n        <div class=\"qode-workflow-text\">\n            <span class=\"circle\" style=\"\"><\/span>\n                            <h3>Carl-von-Ossietzky-Preis<\/h3>\n                                        <h6 class=\"qode-workflow-subtitle\">Dokumentation zur Verleihung des Carl-von-Ossietzky-Preises der Stadt Oldenburg f\u00fcr Zeitgeschichte und Politik 2016 an Ahmad Mansour<\/h6>\n                                        <p class=\"text\">Florian Isensee Verlag, Oldenburg, 2017<\/p>\n                    <\/div>\n    <\/div>\n<\/div><div class=\"qode-workflow-item\">\n    <span class=\"line\" style=\"\"><\/span>\n    <div class=\"qode-workflow-item-inner reverse\">\n        <div class=\"qode-workflow-image left\">\n            <img width=\"650\" height=\"400\" src=\"https:\/\/www.ahmad-mansour.de\/wp-content\/uploads\/2018\/01\/2017.png\" class=\"attachment-full size-full\" alt=\"\" loading=\"lazy\" srcset=\"https:\/\/www.ahmad-mansour.de\/wp-content\/uploads\/2018\/01\/2017.png 650w, https:\/\/www.ahmad-mansour.de\/wp-content\/uploads\/2018\/01\/2017-300x185.png 300w\" sizes=\"(max-width: 650px) 100vw, 650px\" \/>        <\/div>\n        <div class=\"qode-workflow-text\">\n            <span class=\"circle\" style=\"\"><\/span>\n                            <h3>Flucht, Migration und die Linke in Europa<\/h3>\n                                        <h6 class=\"qode-workflow-subtitle\">Herausgegeben von Michael Br\u00f6ning und Christoph P. Mohr<\/h6>\n                                        <p class=\"text\">J H W Dietz Verlag, Bonn, 2017<\/p>\n                    <\/div>\n    <\/div>\n<\/div><div class=\"qode-workflow-item\">\n    <span class=\"line\" style=\"\"><\/span>\n    <div class=\"qode-workflow-item-inner \">\n        <div class=\"qode-workflow-image right\">\n            <img width=\"650\" height=\"400\" src=\"https:\/\/www.ahmad-mansour.de\/wp-content\/uploads\/2018\/01\/2017.png\" class=\"attachment-full size-full\" alt=\"\" loading=\"lazy\" srcset=\"https:\/\/www.ahmad-mansour.de\/wp-content\/uploads\/2018\/01\/2017.png 650w, https:\/\/www.ahmad-mansour.de\/wp-content\/uploads\/2018\/01\/2017-300x185.png 300w\" sizes=\"(max-width: 650px) 100vw, 650px\" \/>        <\/div>\n        <div class=\"qode-workflow-text\">\n            <span class=\"circle\" style=\"\"><\/span>\n                            <h3>95 Anschl\u00e4ge \u2013 Thesen f\u00fcr die Zukunft<\/h3>\n                                        <h6 class=\"qode-workflow-subtitle\">Herausgegeben von Hauke H\u00fcckst\u00e4dt und Friederike von B\u00fcnau<\/h6>\n                                        <p class=\"text\">S. Fischer Verlag, Frankfurt<\/p>\n                    <\/div>\n    <\/div>\n<\/div><div class=\"qode-workflow-item\">\n    <span class=\"line\" style=\"\"><\/span>\n    <div class=\"qode-workflow-item-inner reverse\">\n        <div class=\"qode-workflow-image left\">\n            <img width=\"650\" height=\"400\" src=\"https:\/\/www.ahmad-mansour.de\/wp-content\/uploads\/2018\/01\/2016.png\" class=\"attachment-full size-full\" alt=\"\" loading=\"lazy\" srcset=\"https:\/\/www.ahmad-mansour.de\/wp-content\/uploads\/2018\/01\/2016.png 650w, https:\/\/www.ahmad-mansour.de\/wp-content\/uploads\/2018\/01\/2016-300x185.png 300w\" sizes=\"(max-width: 650px) 100vw, 650px\" \/>        <\/div>\n        <div class=\"qode-workflow-text\">\n            <span class=\"circle\" style=\"\"><\/span>\n                            <h3>Denk mal! 2017<\/h3>\n                                        <h6 class=\"qode-workflow-subtitle\">Anregungen von Harald Welzer, G\u00fcner Yasemin Balci, Nils Minkmar, Ahmad Mansour, Byung-Chul Han u.a.<\/h6>\n                                        <p class=\"text\">Von Harald Welzer,\u200e G\u00fcner Yasemin Balci,\u200e Nils Minkmar,\u200e Ahmad Mansour und Byung-Chul Han, Fischer Taschenbuch, Frankfurt<\/p>\n                    <\/div>\n    <\/div>\n<\/div><div class=\"qode-workflow-item\">\n    <span class=\"line\" style=\"\"><\/span>\n    <div class=\"qode-workflow-item-inner \">\n        <div class=\"qode-workflow-image right\">\n            <img width=\"650\" height=\"400\" src=\"https:\/\/www.ahmad-mansour.de\/wp-content\/uploads\/2018\/01\/2016.png\" class=\"attachment-full size-full\" alt=\"\" loading=\"lazy\" srcset=\"https:\/\/www.ahmad-mansour.de\/wp-content\/uploads\/2018\/01\/2016.png 650w, https:\/\/www.ahmad-mansour.de\/wp-content\/uploads\/2018\/01\/2016-300x185.png 300w\" sizes=\"(max-width: 650px) 100vw, 650px\" \/>        <\/div>\n        <div class=\"qode-workflow-text\">\n            <span class=\"circle\" style=\"\"><\/span>\n                            <h3>Salafismus und Dschihadismus in Deutschland<\/h3>\n                                        <h6 class=\"qode-workflow-subtitle\">Ursachen, Dynamiken, Handlungsempfehlungen<\/h6>\n                                        <p class=\"text\">Herausgegeben von Janusz Biene, Christopher Daase, Julian Junk und Harald M\u00fcller, Campus Verlag, Frankfurt<\/p>\n                    <\/div>\n    <\/div>\n<\/div><div class=\"qode-workflow-item\">\n    <span class=\"line\" style=\"\"><\/span>\n    <div class=\"qode-workflow-item-inner reverse\">\n        <div class=\"qode-workflow-image left\">\n            <img width=\"650\" height=\"400\" src=\"https:\/\/www.ahmad-mansour.de\/wp-content\/uploads\/2018\/01\/2016.png\" class=\"attachment-full size-full\" alt=\"\" loading=\"lazy\" srcset=\"https:\/\/www.ahmad-mansour.de\/wp-content\/uploads\/2018\/01\/2016.png 650w, https:\/\/www.ahmad-mansour.de\/wp-content\/uploads\/2018\/01\/2016-300x185.png 300w\" sizes=\"(max-width: 650px) 100vw, 650px\" \/>        <\/div>\n        <div class=\"qode-workflow-text\">\n            <span class=\"circle\" style=\"\"><\/span>\n                            <h3>Ans\u00e4tze und Erfahrungen der Pr\u00e4ventions- und Deradikalisierungsarbeit<\/h3>\n                                        <h6 class=\"qode-workflow-subtitle\">(HSFK-Report)<\/h6>\n                                        <p class=\"text\">Von Aladin El-Mafaalani,\u200e Alma Fathi,\u200e Ahmad Mansour,\u200e Jochen M\u00fcller,\u200e G\u00f6tz Nordbruch und Julian Waleciak, Hessische Stiftung Friedens- und Konfliktforschung, Frankfurt<\/p>\n                    <\/div>\n    <\/div>\n<\/div><div class=\"qode-workflow-item\">\n    <span class=\"line\" style=\"\"><\/span>\n    <div class=\"qode-workflow-item-inner \">\n        <div class=\"qode-workflow-image right\">\n            <img width=\"650\" height=\"400\" src=\"https:\/\/www.ahmad-mansour.de\/wp-content\/uploads\/2018\/01\/2015.png\" class=\"attachment-full size-full\" alt=\"\" loading=\"lazy\" srcset=\"https:\/\/www.ahmad-mansour.de\/wp-content\/uploads\/2018\/01\/2015.png 650w, https:\/\/www.ahmad-mansour.de\/wp-content\/uploads\/2018\/01\/2015-300x185.png 300w\" sizes=\"(max-width: 650px) 100vw, 650px\" \/>        <\/div>\n        <div class=\"qode-workflow-text\">\n            <span class=\"circle\" style=\"\"><\/span>\n                            <h3>Generation Allah<\/h3>\n                                        <h6 class=\"qode-workflow-subtitle\">Warum wir im Kampf gegen religi\u00f6sen Extremismus umdenken m\u00fcssen<\/h6>\n                                        <p class=\"text\">Von Ahmad Mansour, S. Fischer Verlag, Frankfurt<\/p>\n                    <\/div>\n    <\/div>\n<\/div><div class=\"qode-workflow-item\">\n    <span class=\"line\" style=\"\"><\/span>\n    <div class=\"qode-workflow-item-inner reverse\">\n        <div class=\"qode-workflow-image left\">\n            <img width=\"650\" height=\"400\" src=\"https:\/\/www.ahmad-mansour.de\/wp-content\/uploads\/2018\/01\/2014.png\" class=\"attachment-full size-full\" alt=\"\" loading=\"lazy\" srcset=\"https:\/\/www.ahmad-mansour.de\/wp-content\/uploads\/2018\/01\/2014.png 650w, https:\/\/www.ahmad-mansour.de\/wp-content\/uploads\/2018\/01\/2014-300x185.png 300w\" sizes=\"(max-width: 650px) 100vw, 650px\" \/>        <\/div>\n        <div class=\"qode-workflow-text\">\n            <span class=\"circle\" style=\"\"><\/span>\n                            <h3>Gewalt im Namen der Ehre<\/h3>\n                                        <h6 class=\"qode-workflow-subtitle\">Herausgegeben von Nina Scholz<\/h6>\n                                        <p class=\"text\">Passagen Verlag, Wien<\/p>\n                    <\/div>\n    <\/div>\n<\/div><div class=\"qode-workflow-item\">\n    <span class=\"line\" style=\"\"><\/span>\n    <div class=\"qode-workflow-item-inner \">\n        <div class=\"qode-workflow-image right\">\n            <img width=\"650\" height=\"400\" src=\"https:\/\/www.ahmad-mansour.de\/wp-content\/uploads\/2018\/01\/2013.png\" class=\"attachment-full size-full\" alt=\"\" loading=\"lazy\" srcset=\"https:\/\/www.ahmad-mansour.de\/wp-content\/uploads\/2018\/01\/2013.png 650w, https:\/\/www.ahmad-mansour.de\/wp-content\/uploads\/2018\/01\/2013-300x185.png 300w\" sizes=\"(max-width: 650px) 100vw, 650px\" \/>        <\/div>\n        <div class=\"qode-workflow-text\">\n            <span class=\"circle\" style=\"\"><\/span>\n                            <h3>Der ideale T\u00fcrke<\/h3>\n                                        <h6 class=\"qode-workflow-subtitle\">Der Ultranationalismus der Grauen W\u00f6lfe in Deutschland<\/h6>\n                                        <p class=\"text\">Von Claudia Dantschke, Ahmad Mansour, Jochen M\u00fcller und Alper Taparli, Zentrum Demokratische Kultur, Berlin<\/p>\n                    <\/div>\n    <\/div>\n<\/div><div class=\"qode-workflow-item\">\n    <span class=\"line\" style=\"\"><\/span>\n    <div class=\"qode-workflow-item-inner reverse\">\n        <div class=\"qode-workflow-image left\">\n            <img width=\"650\" height=\"400\" src=\"https:\/\/www.ahmad-mansour.de\/wp-content\/uploads\/2018\/01\/2011.png\" class=\"attachment-full size-full\" alt=\"\" loading=\"lazy\" srcset=\"https:\/\/www.ahmad-mansour.de\/wp-content\/uploads\/2018\/01\/2011.png 650w, https:\/\/www.ahmad-mansour.de\/wp-content\/uploads\/2018\/01\/2011-300x185.png 300w\" sizes=\"(max-width: 650px) 100vw, 650px\" \/>        <\/div>\n        <div class=\"qode-workflow-text\">\n            <span class=\"circle\" style=\"\"><\/span>\n                            <h3>Ich lebe nur f\u00fcr Allah.<\/h3>\n                                        <h6 class=\"qode-workflow-subtitle\">Argumente und Anziehungskraft des Salafismus.<\/h6>\n                                        <p class=\"text\">Von Claudia Dantschke, Jochen M\u00fcller, Yasemin Serbest und Ahmad Mansour, Zentrum Demokratische Kultur, Berlin<\/p>\n                    <\/div>\n    <\/div>\n<\/div><\/div>[\/vc_column][\/vc_row]<\/p>","protected":false},"excerpt":{"rendered":"<p>[vc_row css_animation=&#8221;&#8221; row_type=&#8221;row&#8221; use_row_as_full_screen_section=&#8221;no&#8221; type=&#8221;full_width&#8221; angled_section=&#8221;no&#8221; text_align=&#8221;center&#8221; background_image_as_pattern=&#8221;without_pattern&#8221; z_index=&#8221;&#8221;][vc_column css_animation=&#8221;fadeInDown&#8221;][vc_column_text] Books [\/vc_column_text][\/vc_column][\/vc_row][vc_row css_animation=&#8221;&#8221; row_type=&#8221;row&#8221; use_row_as_full_screen_section=&#8221;no&#8221; type=&#8221;full_width&#8221; angled_section=&#8221;no&#8221; text_align=&#8221;left&#8221; background_image_as_pattern=&#8221;without_pattern&#8221;][vc_column][\/vc_column][\/vc_row]<\/p>\n","protected":false},"author":1,"featured_media":0,"parent":0,"menu_order":0,"comment_status":"closed","ping_status":"closed","template":"","meta":[],"_links":{"self":[{"href":"https:\/\/www.ahmad-mansour.de\/en\/wp-json\/wp\/v2\/pages\/53"}],"collection":[{"href":"https:\/\/www.ahmad-mansour.de\/en\/wp-json\/wp\/v2\/pages"}],"about":[{"href":"https:\/\/www.ahmad-mansour.de\/en\/wp-json\/wp\/v2\/types\/page"}],"author":[{"embeddable":true,"href":"https:\/\/www.ahmad-mansour.de\/en\/wp-json\/wp\/v2\/users\/1"}],"replies":[{"embeddable":true,"href":"https:\/\/www.ahmad-mansour.de\/en\/wp-json\/wp\/v2\/comments?post=53"}],"version-history":[{"count":0,"href":"https:\/\/www.ahmad-mansour.de\/en\/wp-json\/wp\/v2\/pages\/53\/revisions"}],"wp:attachment":[{"href":"https:\/\/www.ahmad-mansour.de\/en\/wp-json\/wp\/v2\/media?parent=53"}],"curies":[{"name":"wp","href":"https:\/\/api.w.org\/{rel}","templated":true}]}}